{"id":22,"date":"2017-08-18T00:21:53","date_gmt":"2017-08-17T22:21:53","guid":{"rendered":"http:\/\/www.arcenciel-ne.ch\/home\/?page_id=22"},"modified":"2024-07-20T00:00:26","modified_gmt":"2024-07-19T22:00:26","slug":"qui-sommes-nous","status":"publish","type":"page","link":"http:\/\/www.arcenciel-ne.ch\/home\/qui-sommes-nous\/","title":{"rendered":"Qui sommes-nous ?"},"content":{"rendered":"<p>[et_pb_section fb_built=\u00a0\u00bb1&Prime; _builder_version=\u00a0\u00bb3.0.47&Prime;][et_pb_row _builder_version=\u00a0\u00bb3.0.47&Prime; background_size=\u00a0\u00bbinitial\u00a0\u00bb background_position=\u00a0\u00bbtop_left\u00a0\u00bb background_repeat=\u00a0\u00bbrepeat\u00a0\u00bb][et_pb_column type=\u00a0\u00bb2_3&Prime; _builder_version=\u00a0\u00bb3.0.47&Prime; parallax=\u00a0\u00bboff\u00a0\u00bb parallax_method=\u00a0\u00bbon\u00a0\u00bb][et_pb_text admin_label=\u00a0\u00bbTexte Groupe de partage\u00a0\u00bb _builder_version=\u00a0\u00bb3.0.69&Prime;]<\/p>\n<h2>Un groupe de partage<\/h2>\n<p class=\"para-style-body\">Arc-en-Ciel accueille toutes les personnes LGBTIQ+ et alli&eacute;.e.s afin de r&eacute;pondre au mieux, dans le respect mutuel et la confidentialit&eacute;, aux besoins de celle et celui qui souhaite interroger et explorer l&rsquo;articulation entre sa foi et les dimensions sexuelles, genr&eacute;es et affectives de sa vie.<\/p>\n<p>Arc-en-ciel propose des rencontres &agrave; La Chaux-de-Fonds, &agrave; Neuch&acirc;tel ainsi que sur Zoom, et organise des c&eacute;l&eacute;brations inclusives. Retrouvez notre actualit&eacute; 2024 dans la rubrique Ev&eacute;nements et Actualit&eacute;s.&nbsp;<\/p>\n<p>Un groupe WhatsApp permet &agrave; celles et ceux qui le souhaitent de rester en contact en tout temps.<\/p>\n<p><strong>Contact :&nbsp;<\/strong>aec-ne@ik.me<\/p>\n<p>[\/et_pb_text][et_pb_divider color=\u00a0\u00bb#c9c9c9&Prime; show_divider=\u00a0\u00bbon\u00a0\u00bb divider_style=\u00a0\u00bbsolid\u00a0\u00bb divider_position=\u00a0\u00bbtop\u00a0\u00bb _builder_version=\u00a0\u00bb3.0.69&Prime;][\/et_pb_divider][et_pb_text admin_label=\u00a0\u00bbTexte Association\u00a0\u00bb _builder_version=\u00a0\u00bb3.0.69&Prime;]<\/p>\n<h2>Une association<\/h2>\n<p class=\"para-style-body\">Arc-en-ciel est aussi une association compos\u00e9e de membres de la communaut\u00e9 chr\u00e9tienne LGBTIQ+ et alli\u00e9.e.s. Elle s\u2019engage \u00e0 promouvoir l\u2019accueil radical de chaque personne aupr\u00e8s des \u00c9glises, des paroisses et de la soci\u00e9t\u00e9 civile, en terre neuch\u00e2teloise et au-del\u00e0.<\/p>\n<p class=\"para-style-body\">Elle souhaite refl\u00e9ter l\u2019accueil inconditionnel de chaque personne en J\u00e9sus-Christ, quelle que soit son orientation sexuelle et son identit\u00e9 de genre.<\/p>\n<p class=\"para-style-body\">En ce sens, elle s\u2019enagage en organisant des c\u00e9l\u00e9brations, des conf\u00e9rences, des t\u00e9moignages, afin que chaque personne puisse \u00eatre reconnue dans l\u2019entier de sa personnalit\u00e9.<\/p>\n<p class=\"para-style-body\"><strong>Contact :\u00a0<\/strong>aec-ne@ik.me<\/p>\n<p>[\/et_pb_text][\/et_pb_column][et_pb_column type=\u00a0\u00bb1_3&Prime; _builder_version=\u00a0\u00bb3.0.47&Prime; parallax=\u00a0\u00bboff\u00a0\u00bb parallax_method=\u00a0\u00bbon\u00a0\u00bb][\/et_pb_column][\/et_pb_row][\/et_pb_section]<\/p>\n","protected":false},"excerpt":{"rendered":"<p>Un groupe de partage Arc-en-Ciel accueille toutes les personnes LGBTIQ+ et alli&eacute;.e.s afin de r&eacute;pondre au mieux, dans le respect mutuel et la confidentialit&eacute;, aux besoins de celle et celui qui souhaite interroger et explorer l&rsquo;articulation entre sa foi et les dimensions sexuelles, genr&eacute;es et affectives de sa vie. Arc-en-ciel propose des rencontres &agrave; La [&hellip;]<\/p>\n","protected":false},"author":1,"featured_media":0,"parent":0,"menu_order":10,"comment_status":"closed","ping_status":"closed","template":"","meta":{"_et_pb_use_builder":"on","_et_pb_old_content":"<h2>Une association<\/h2><p>qui souhaite promouvoir l\u2019accueil inconditionnel de chaque personne en J\u00e9sus-Christ aupr\u00e8s des \u00c9glises, des paroissiens et des citoyens en terre neuch\u00e2teloise, en mettant l\u2019accent sur la dimension sexuelle, genr\u00e9e et affective de chacun et chacune. Elle organise des c\u00e9l\u00e9brations o\u00f9 chacun est appel\u00e9 \u00e0 vivre l\u2019accueil inconditionnel du Christ, des conf\u00e9rences donn\u00e9es par des th\u00e9ologiens et personnalit\u00e9s d\u2019\u00c9glises en vue de mieux comprendre le rapport entre foi chr\u00e9tienne, sexualit\u00e9, genre et vie affective, des t\u00e9moignages de chr\u00e9tiens et chr\u00e9tiennes engag\u00e9s pour la reconnaissance des orientations sexuelles et identit\u00e9 de genre.<\/p><h2>Un groupe de partage<\/h2><p>qui se r\u00e9unit tous les 3 de chaque mois. Lieu d\u2019accueil et d\u2019entraide pour toutes les personnes LGBT et alli\u00e9es qui s\u2019interrogent sur l\u2019articulation entre la foi et les dimensions sexuelle, genr\u00e9e et affective de leur vie. Le groupe garantit le respect de chacune et chacun, la confidentialit\u00e9 des exp\u00e9riences partag\u00e9es, l\u2019anonymat de ses participants.<\/p>","_et_gb_content_width":"","footnotes":""},"class_list":["post-22","page","type-page","status-publish","hentry"],"_links":{"self":[{"href":"http:\/\/www.arcenciel-ne.ch\/home\/wp-json\/wp\/v2\/pages\/22","targetHints":{"allow":["GET"]}}],"collection":[{"href":"http:\/\/www.arcenciel-ne.ch\/home\/wp-json\/wp\/v2\/pages"}],"about":[{"href":"http:\/\/www.arcenciel-ne.ch\/home\/wp-json\/wp\/v2\/types\/page"}],"author":[{"embeddable":true,"href":"http:\/\/www.arcenciel-ne.ch\/home\/wp-json\/wp\/v2\/users\/1"}],"replies":[{"embeddable":true,"href":"http:\/\/www.arcenciel-ne.ch\/home\/wp-json\/wp\/v2\/comments?post=22"}],"version-history":[{"count":27,"href":"http:\/\/www.arcenciel-ne.ch\/home\/wp-json\/wp\/v2\/pages\/22\/revisions"}],"predecessor-version":[{"id":793,"href":"http:\/\/www.arcenciel-ne.ch\/home\/wp-json\/wp\/v2\/pages\/22\/revisions\/793"}],"wp:attachment":[{"href":"http:\/\/www.arcenciel-ne.ch\/home\/wp-json\/wp\/v2\/media?parent=22"}],"curies":[{"name":"wp","href":"https:\/\/api.w.org\/{rel}","templated":true}]}}